{"id":366,"date":"2016-10-31T16:33:16","date_gmt":"2016-10-31T16:33:16","guid":{"rendered":"https:\/\/consuladodejamaica.hn\/en\/?page_id=366"},"modified":"2016-11-01T14:34:31","modified_gmt":"2016-11-01T14:34:31","slug":"eduardo-kafie-honorary-consul-jamaica","status":"publish","type":"page","link":"https:\/\/consuladodejamaica.hn\/en\/eduardo-kafie-honorary-consul-jamaica\/","title":{"rendered":"H. Consul"},"content":{"rendered":"<div class=\"wpb-content-wrapper\"><p>[vc_row type=&#8221;full_width_content&#8221; top_padding=&#8221;0px&#8221; bottom_padding=&#8221;0px&#8221; class=&#8221;jamaica-consul-h&#8221;][vc_column width=&#8221;2\/3&#8243; el_class=&#8221;jamaica-consul-bg&#8221; css=&#8221;.vc_custom_1478010432898{background-image: url(https:\/\/consuladodejamaica.hn\/wp-content\/uploads\/2016\/10\/background-eduardo-kafie-overlay.jpg?id=228) !important;}&#8221;][\/vc_column][vc_column width=&#8221;1\/3&#8243; css=&#8221;.vc_custom_1477431404954{padding-top: 5% !important;padding-bottom: 5% !important;background-color: #ffffff !important;}&#8221;][vc_custom_heading text=&#8221;Eduardo Kafie&#8221; font_container=&#8221;tag:h2|font_size:30px|text_align:center&#8221; google_fonts=&#8221;font_family:Cinzel%3Aregular%2C700%2C900|font_style:700%20bold%20regular%3A700%3Anormal&#8221; el_class=&#8221;jamaica-ek&#8221;][vc_empty_space][vc_column_text]<\/p>\n<h2 style=\"text-align: center;\"><\/h2>\n<p style=\"text-align: justify;\"><strong>Eduardo Kafie<\/strong> is an entrepreneur and philanthropist Honduran, born in Tegucigalpa on June 30, 1953. He is vice president of the Executive joint of Dairy Honduras, S.A. (Lacthosa).<\/p>\n<p>[\/vc_column_text][\/vc_column][\/vc_row][vc_row class=&#8221;jamaica-section-no-margin-bottom&#8221;][vc_column][vc_column_text]<\/p>\n<h2 style=\"text-align: justify;\"><strong>Historia<\/strong><\/h2>\n<p style=\"text-align: justify;\">Bajo su direcci\u00f3n est\u00e1 la empresa <strong><a href=\"http:\/\/www.estilo.hn\/gente\/389557-152\/lacthosa-ceteco-se-une-a-la-iniciativa-hecho-en-casa\" target=\"_blank\">Lacthosa Cereales<\/a><\/strong> que por m\u00e1s de 25 a\u00f1os se ha enfocado en ofrecer productos dedicados a contribuir con la nutrici\u00f3n de las familias hondure\u00f1as a trav\u00e9s de su reconocida marca CETECO.<\/p>\n<p style=\"text-align: justify;\">CETECO, es una marca de leche en polvo originalmente Holandesa con m\u00e1s de 107 a\u00f1os de venderse a nivel mundial. <strong><a href=\"http:\/\/www.codis.net\/s_noticias.htm\" target=\"_blank\">En Honduras se distribuye desde 1952 a trav\u00e9s de las compa\u00f1\u00edas: Surtidora Internacional en San Pedro Sula y Compa\u00f1\u00eda Distribuidora en Tegucigalpa.<\/a><\/strong><\/p>\n<p style=\"text-align: justify;\">El 20 de octubre de 2001, se inaugur\u00f3 la planta <strong><a href=\"http:\/\/www.mundoceteco.com\/nosotros.html\" target=\"_blank\">Lacthosa La Fortuna<\/a><\/strong>, con la cual se present\u00f3 la gran oportunidad de producir y envasar la leche CETECO en polvo a nivel nacional, convirti\u00e9ndose desde entonces en una marca 100% Hondure\u00f1a que aporta al desarrollo nacional.<\/p>\n<p style=\"text-align: justify;\">Hoy en d\u00eda, Lacthosa Cereales est\u00e1 posicionada como una de las empresas en Centroam\u00e9rica que marca la diferencia por la calidad de sus productos l\u00e1cteos y la tecnolog\u00eda con la que los elabora.<\/p>\n<p>[\/vc_column_text][vc_column_text]<\/p>\n<h2 style=\"text-align: justify;\"><strong>Educaci\u00f3n<\/strong><\/h2>\n<p style=\"text-align: justify;\">Eduardo Kafie curs\u00f3 sus estudios secundarios en el Instituto San Francisco de Tegucigalpa y se gradu\u00f3 como Bachiller en Ciencias y Letras en 1970. En 1974, concluy\u00f3 su formaci\u00f3n como <strong><a href=\"https:\/\/www.georgetown.edu\/\" target=\"_blank\">Licenciado en Administraci\u00f3n de Empresas y Finanzas en Georgetown University en Washington D.C., Estados Unidos<\/a>.<\/strong><\/p>\n<p style=\"text-align: justify;\">Al regresar a Honduras, Eduardo Kafie de la mano de su padre y hermanos lograron el crecimiento sostenible en los rubros de: <a href=\"http:\/\/www.lacthosa.com\/\" target=\"_blank\">L\u00e1cteos<\/a>, Bebidas y Alimentos, <strong><a href=\"http:\/\/www.codis.net\/home.htm\" target=\"_blank\">Distribuci\u00f3n de Productos<\/a><\/strong>, Bienes y Ra\u00edces, Agroindustria, <strong><a href=\"http:\/\/www.cortitelas.com\/\" target=\"_blank\">Textil<\/a><\/strong> y <strong><a href=\"http:\/\/www.lufussa.com\/\" target=\"_blank\">Energ\u00eda<\/a><\/strong>.<\/p>\n<p style=\"text-align: justify;\">Actualmente, ostenta el cargo de <strong><a href=\"http:\/\/www.embassypages.com\/embajada5934\/\" target=\"_blank\">C\u00f3nsul Honorario de Jamaica en Honduras<\/a>.<\/strong><\/p>\n<p>[\/vc_column_text][vc_column_text]<\/p>\n<h2 style=\"text-align: justify;\"><strong>Labor Filantr\u00f3pica<\/strong><\/h2>\n<p style=\"text-align: justify;\"><strong><a href=\"http:\/\/fundacionchitoynenakafie.org\/quienes-somos\/\" target=\"_blank\">Eduardo Kafie, en el 2006 cre\u00f3 el Fondo Social Chito y Nena Kafie<\/a><\/strong> en honor a las acciones sociales que por muchos a\u00f1os desarrollaron sus padres. Hoy\u00a0 el Fondo es conocido como la \u201c<strong><a href=\"http:\/\/fundacionchitoynenakafie.org\/quienes-somos\/\" target=\"_blank\">Fundaci\u00f3n Chito y Nena Kafie<\/a><\/strong>\u201d,\u00a0 la cual se fundamenta en 3 pilares importantes: salud, educaci\u00f3n y el desarrollo de proyectos en las comunidades.<\/p>\n<p style=\"text-align: justify;\"><strong><a href=\"http:\/\/fundacionchitoynenakafie.org\/lo-que-hacemos\/\" target=\"_blank\">Gracias a la Fundaci\u00f3n, a la fecha se han construido 21 templos en Tegucigalpa para la iglesia Cat\u00f3lica y se han ejecutado 160 proyectos en diferentes \u00e1reas<\/a>,<\/strong> logrando generar un impacto positivo en la sociedad, a trav\u00e9s de programas que benefician a los m\u00e1s necesitados.<\/p>\n<p style=\"text-align: justify;\">Tambi\u00e9n, en el \u00e1mbito ambiental, impulsa y promueve la conservaci\u00f3n de la tortuga golfina, especie que est\u00e1 en peligro de extinci\u00f3n, y que se reproduce en el Golfo de Fonseca. <strong><a href=\"http:\/\/www.latribuna.hn\/2015\/10\/14\/lufussa-apoya-proyecto-de-conservacion-de-la-tortuga-golfina\/\" target=\"_blank\">Del 2008 al 2014 se han liberado m\u00e1s de 280 mil tortugas neonatos como parte de una iniciativa desarrollada por Luz y Fuerza de San Lorenzo (LUFUSSA)<\/a>.<\/strong><\/p>\n<p style=\"text-align: justify;\"><a href=\"http:\/\/mundoceteco.com\/cetecouno.html\"><strong>http:\/\/mundoceteco.com<\/strong><\/a><\/p>\n<p>[\/vc_column_text][\/vc_column][\/vc_row]<\/p>\n<\/div>","protected":false},"excerpt":{"rendered":"<p>[vc_row type=&#8221;full_width_content&#8221; top_padding=&#8221;0px&#8221; bottom_padding=&#8221;0px&#8221; class=&#8221;jamaica-consul-h&#8221;][vc_column width=&#8221;2\/3&#8243; el_class=&#8221;jamaica-consul-bg&#8221; css=&#8221;.vc_custom_1478010432898{background-image: url(https:\/\/consuladodejamaica.hn\/wp-content\/uploads\/2016\/10\/background-eduardo-kafie-overlay.jpg?id=228) !important;}&#8221;][\/vc_column][vc_column width=&#8221;1\/3&#8243; css=&#8221;.vc_custom_1477431404954{padding-top: 5% !important;padding-bottom: 5% !important;background-color: #ffffff !important;}&#8221;][vc_custom_heading text=&#8221;Eduardo Kafie&#8221; font_container=&#8221;tag:h2|font_size:30px|text_align:center&#8221; google_fonts=&#8221;font_family:Cinzel%3Aregular%2C700%2C900|font_style:700%20bold%20regular%3A700%3Anormal&#8221; el_class=&#8221;jamaica-ek&#8221;][vc_empty_space][vc_column_text] Eduardo Kafie is an entrepreneur and philanthropist Honduran, born in Tegucigalpa on June 30, 1953. He is vice president of the Executive joint of Dairy Honduras, S.A. (Lacthosa). [\/vc_column_text][\/vc_column][\/vc_row][vc_row class=&#8221;jamaica-section-no-margin-bottom&#8221;][vc_column][vc_column_text] Historia Bajo [&hellip;]<\/p>\n","protected":false},"author":1,"featured_media":0,"parent":0,"menu_order":0,"comment_status":"closed","ping_status":"closed","template":"","meta":{"footnotes":""},"class_list":["post-366","page","type-page","status-publish","hentry"],"yoast_head":"<!-- This site is optimized with the Yoast SEO plugin v27.1.1 - https:\/\/yoast.com\/product\/yoast-seo-wordpress\/ -->\n<title>Eduardo Kafie - Biography of the Honorary Consul of Jamaica<\/title>\n<meta name=\"robots\" content=\"index, follow, max-snippet:-1, max-image-preview:large, max-video-preview:-1\" \/>\n<link rel=\"canonical\" href=\"https:\/\/consuladodejamaica.hn\/en\/eduardo-kafie-honorary-consul-jamaica\/\" \/>\n<meta property=\"og:locale\" content=\"en_US\" \/>\n<meta property=\"og:type\" content=\"article\" \/>\n<meta property=\"og:title\" content=\"Eduardo Kafie - Biography of the Honorary Consul of Jamaica\" \/>\n<meta property=\"og:description\" content=\"[vc_row type=&#8221;full_width_content&#8221; top_padding=&#8221;0px&#8221; bottom_padding=&#8221;0px&#8221; class=&#8221;jamaica-consul-h&#8221;][vc_column width=&#8221;2\/3&#8243; el_class=&#8221;jamaica-consul-bg&#8221; css=&#8221;.vc_custom_1478010432898{background-image: url(https:\/\/consuladodejamaica.hn\/wp-content\/uploads\/2016\/10\/background-eduardo-kafie-overlay.jpg?id=228) !important;}&#8221;][\/vc_column][vc_column width=&#8221;1\/3&#8243; css=&#8221;.vc_custom_1477431404954{padding-top: 5% !important;padding-bottom: 5% !important;background-color: #ffffff !important;}&#8221;][vc_custom_heading text=&#8221;Eduardo Kafie&#8221; font_container=&#8221;tag:h2|font_size:30px|text_align:center&#8221; google_fonts=&#8221;font_family:Cinzel%3Aregular%2C700%2C900|font_style:700%20bold%20regular%3A700%3Anormal&#8221; el_class=&#8221;jamaica-ek&#8221;][vc_empty_space][vc_column_text] Eduardo Kafie is an entrepreneur and philanthropist Honduran, born in Tegucigalpa on June 30, 1953. He is vice president of the Executive joint of Dairy Honduras, S.A. (Lacthosa). [\/vc_column_text][\/vc_column][\/vc_row][vc_row class=&#8221;jamaica-section-no-margin-bottom&#8221;][vc_column][vc_column_text] Historia Bajo [&hellip;]\" \/>\n<meta property=\"og:url\" content=\"https:\/\/consuladodejamaica.hn\/en\/eduardo-kafie-honorary-consul-jamaica\/\" \/>\n<meta property=\"og:site_name\" content=\"Consulado de Jamaica\" \/>\n<meta property=\"article:modified_time\" content=\"2016-11-01T14:34:31+00:00\" \/>\n<meta name=\"twitter:card\" content=\"summary_large_image\" \/>\n<meta name=\"twitter:label1\" content=\"Est. reading time\" \/>\n\t<meta name=\"twitter:data1\" content=\"3 minutes\" \/>\n<script type=\"application\/ld+json\" class=\"yoast-schema-graph\">{\"@context\":\"https:\/\/schema.org\",\"@graph\":[{\"@type\":\"WebPage\",\"@id\":\"https:\/\/consuladodejamaica.hn\/en\/eduardo-kafie-honorary-consul-jamaica\/\",\"url\":\"https:\/\/consuladodejamaica.hn\/en\/eduardo-kafie-honorary-consul-jamaica\/\",\"name\":\"Eduardo Kafie - Biography of the Honorary Consul of Jamaica\",\"isPartOf\":{\"@id\":\"https:\/\/consuladodejamaica.hn\/#website\"},\"datePublished\":\"2016-10-31T16:33:16+00:00\",\"dateModified\":\"2016-11-01T14:34:31+00:00\",\"breadcrumb\":{\"@id\":\"https:\/\/consuladodejamaica.hn\/en\/eduardo-kafie-honorary-consul-jamaica\/#breadcrumb\"},\"inLanguage\":\"en-US\",\"potentialAction\":[{\"@type\":\"ReadAction\",\"target\":[\"https:\/\/consuladodejamaica.hn\/en\/eduardo-kafie-honorary-consul-jamaica\/\"]}]},{\"@type\":\"BreadcrumbList\",\"@id\":\"https:\/\/consuladodejamaica.hn\/en\/eduardo-kafie-honorary-consul-jamaica\/#breadcrumb\",\"itemListElement\":[{\"@type\":\"ListItem\",\"position\":1,\"name\":\"Portada\",\"item\":\"https:\/\/consuladodejamaica.hn\/en\/\"},{\"@type\":\"ListItem\",\"position\":2,\"name\":\"H. Consul\"}]},{\"@type\":\"WebSite\",\"@id\":\"https:\/\/consuladodejamaica.hn\/#website\",\"url\":\"https:\/\/consuladodejamaica.hn\/\",\"name\":\"Consulado de Jamaica\",\"description\":\"\",\"potentialAction\":[{\"@type\":\"SearchAction\",\"target\":{\"@type\":\"EntryPoint\",\"urlTemplate\":\"https:\/\/consuladodejamaica.hn\/?s={search_term_string}\"},\"query-input\":{\"@type\":\"PropertyValueSpecification\",\"valueRequired\":true,\"valueName\":\"search_term_string\"}}],\"inLanguage\":\"en-US\"}]}<\/script>\n<!-- \/ Yoast SEO plugin. -->","yoast_head_json":{"title":"Eduardo Kafie - Biography of the Honorary Consul of Jamaica","robots":{"index":"index","follow":"follow","max-snippet":"max-snippet:-1","max-image-preview":"max-image-preview:large","max-video-preview":"max-video-preview:-1"},"canonical":"https:\/\/consuladodejamaica.hn\/en\/eduardo-kafie-honorary-consul-jamaica\/","og_locale":"en_US","og_type":"article","og_title":"Eduardo Kafie - Biography of the Honorary Consul of Jamaica","og_description":"[vc_row type=&#8221;full_width_content&#8221; top_padding=&#8221;0px&#8221; bottom_padding=&#8221;0px&#8221; class=&#8221;jamaica-consul-h&#8221;][vc_column width=&#8221;2\/3&#8243; el_class=&#8221;jamaica-consul-bg&#8221; css=&#8221;.vc_custom_1478010432898{background-image: url(https:\/\/consuladodejamaica.hn\/wp-content\/uploads\/2016\/10\/background-eduardo-kafie-overlay.jpg?id=228) !important;}&#8221;][\/vc_column][vc_column width=&#8221;1\/3&#8243; css=&#8221;.vc_custom_1477431404954{padding-top: 5% !important;padding-bottom: 5% !important;background-color: #ffffff !important;}&#8221;][vc_custom_heading text=&#8221;Eduardo Kafie&#8221; font_container=&#8221;tag:h2|font_size:30px|text_align:center&#8221; google_fonts=&#8221;font_family:Cinzel%3Aregular%2C700%2C900|font_style:700%20bold%20regular%3A700%3Anormal&#8221; el_class=&#8221;jamaica-ek&#8221;][vc_empty_space][vc_column_text] Eduardo Kafie is an entrepreneur and philanthropist Honduran, born in Tegucigalpa on June 30, 1953. He is vice president of the Executive joint of Dairy Honduras, S.A. (Lacthosa). [\/vc_column_text][\/vc_column][\/vc_row][vc_row class=&#8221;jamaica-section-no-margin-bottom&#8221;][vc_column][vc_column_text] Historia Bajo [&hellip;]","og_url":"https:\/\/consuladodejamaica.hn\/en\/eduardo-kafie-honorary-consul-jamaica\/","og_site_name":"Consulado de Jamaica","article_modified_time":"2016-11-01T14:34:31+00:00","twitter_card":"summary_large_image","twitter_misc":{"Est. reading time":"3 minutes"},"schema":{"@context":"https:\/\/schema.org","@graph":[{"@type":"WebPage","@id":"https:\/\/consuladodejamaica.hn\/en\/eduardo-kafie-honorary-consul-jamaica\/","url":"https:\/\/consuladodejamaica.hn\/en\/eduardo-kafie-honorary-consul-jamaica\/","name":"Eduardo Kafie - Biography of the Honorary Consul of Jamaica","isPartOf":{"@id":"https:\/\/consuladodejamaica.hn\/#website"},"datePublished":"2016-10-31T16:33:16+00:00","dateModified":"2016-11-01T14:34:31+00:00","breadcrumb":{"@id":"https:\/\/consuladodejamaica.hn\/en\/eduardo-kafie-honorary-consul-jamaica\/#breadcrumb"},"inLanguage":"en-US","potentialAction":[{"@type":"ReadAction","target":["https:\/\/consuladodejamaica.hn\/en\/eduardo-kafie-honorary-consul-jamaica\/"]}]},{"@type":"BreadcrumbList","@id":"https:\/\/consuladodejamaica.hn\/en\/eduardo-kafie-honorary-consul-jamaica\/#breadcrumb","itemListElement":[{"@type":"ListItem","position":1,"name":"Portada","item":"https:\/\/consuladodejamaica.hn\/en\/"},{"@type":"ListItem","position":2,"name":"H. Consul"}]},{"@type":"WebSite","@id":"https:\/\/consuladodejamaica.hn\/#website","url":"https:\/\/consuladodejamaica.hn\/","name":"Consulado de Jamaica","description":"","potentialAction":[{"@type":"SearchAction","target":{"@type":"EntryPoint","urlTemplate":"https:\/\/consuladodejamaica.hn\/?s={search_term_string}"},"query-input":{"@type":"PropertyValueSpecification","valueRequired":true,"valueName":"search_term_string"}}],"inLanguage":"en-US"}]}},"_links":{"self":[{"href":"https:\/\/consuladodejamaica.hn\/en\/wp-json\/wp\/v2\/pages\/366","targetHints":{"allow":["GET"]}}],"collection":[{"href":"https:\/\/consuladodejamaica.hn\/en\/wp-json\/wp\/v2\/pages"}],"about":[{"href":"https:\/\/consuladodejamaica.hn\/en\/wp-json\/wp\/v2\/types\/page"}],"author":[{"embeddable":true,"href":"https:\/\/consuladodejamaica.hn\/en\/wp-json\/wp\/v2\/users\/1"}],"replies":[{"embeddable":true,"href":"https:\/\/consuladodejamaica.hn\/en\/wp-json\/wp\/v2\/comments?post=366"}],"version-history":[{"count":3,"href":"https:\/\/consuladodejamaica.hn\/en\/wp-json\/wp\/v2\/pages\/366\/revisions"}],"predecessor-version":[{"id":442,"href":"https:\/\/consuladodejamaica.hn\/en\/wp-json\/wp\/v2\/pages\/366\/revisions\/442"}],"wp:attachment":[{"href":"https:\/\/consuladodejamaica.hn\/en\/wp-json\/wp\/v2\/media?parent=366"}],"curies":[{"name":"wp","href":"https:\/\/api.w.org\/{rel}","templated":true}]}}